{"id":31218,"date":"2026-04-09T13:45:50","date_gmt":"2026-04-09T18:45:50","guid":{"rendered":"https:\/\/www.idealplasticsurgery.com\/?page_id=31218"},"modified":"2026-04-09T13:50:06","modified_gmt":"2026-04-09T18:50:06","slug":"terminos-y-condiciones-rejuvenecimiento-facial","status":"publish","type":"page","link":"https:\/\/www.idealplasticsurgery.com\/es\/terminos-y-condiciones-rejuvenecimiento-facial\/","title":{"rendered":"Terminos y condiciones Rejuvenecimiento facial"},"content":{"rendered":"<p><div class=\"fusion-fullwidth fullwidth-box fusion-builder-row-1 fusion-flex-container nonhundred-percent-fullwidth non-hundred-percent-height-scrolling\" style=\"--awb-border-radius-top-left:0px;--awb-border-radius-top-right:0px;--awb-border-radius-bottom-right:0px;--awb-border-radius-bottom-left:0px;--awb-margin-top:54px;--awb-margin-bottom:42px;--awb-flex-wrap:wrap;\" ><div class=\"fusion-builder-row fusion-row fusion-flex-align-items-flex-start fusion-flex-content-wrap\" style=\"max-width:1248px;margin-left: calc(-4% \/ 2 );margin-right: calc(-4% \/ 2 );\"><div class=\"fusion-layout-column fusion_builder_column fusion-builder-column-0 fusion_builder_column_1_1 1_1 fusion-flex-column\" style=\"--awb-bg-blend:overlay;--awb-bg-size:cover;--awb-width-large:100%;--awb-margin-top-large:0px;--awb-spacing-right-large:1.92%;--awb-margin-bottom-large:0px;--awb-spacing-left-large:1.92%;--awb-width-medium:100%;--awb-spacing-right-medium:1.92%;--awb-spacing-left-medium:1.92%;--awb-width-small:100%;--awb-spacing-right-small:1.92%;--awb-spacing-left-small:1.92%;\"><div class=\"fusion-column-wrapper fusion-flex-justify-content-flex-start fusion-content-layout-column\"><div class=\"fusion-title title fusion-title-1 fusion-sep-none fusion-title-text fusion-title-size-one\" style=\"--awb-margin-top-small:10px;--awb-margin-right-small:0px;--awb-margin-bottom-small:10px;--awb-margin-left-small:0px;--awb-font-size:25px;\"><h1 class=\"fusion-title-heading title-heading-left\" style=\"margin:0;font-size:1em;\">T\u00e9rminos y Condiciones<\/h1><\/div><\/div><\/div><\/div><\/div><div class=\"fusion-fullwidth fullwidth-box fusion-builder-row-2 fusion-flex-container nonhundred-percent-fullwidth non-hundred-percent-height-scrolling\" style=\"--awb-border-radius-top-left:0px;--awb-border-radius-top-right:0px;--awb-border-radius-bottom-right:0px;--awb-border-radius-bottom-left:0px;--awb-margin-top-small:50px;--awb-flex-wrap:wrap;\" ><div class=\"fusion-builder-row fusion-row fusion-flex-align-items-flex-start fusion-flex-content-wrap\" style=\"max-width:1248px;margin-left: calc(-4% \/ 2 );margin-right: calc(-4% \/ 2 );\"><div class=\"fusion-layout-column fusion_builder_column fusion-builder-column-1 fusion_builder_column_1_1 1_1 fusion-flex-column\" style=\"--awb-bg-blend:overlay;--awb-bg-size:cover;--awb-width-large:100%;--awb-margin-top-large:0px;--awb-spacing-right-large:1.92%;--awb-margin-bottom-large:45px;--awb-spacing-left-large:1.92%;--awb-width-medium:100%;--awb-spacing-right-medium:1.92%;--awb-spacing-left-medium:1.92%;--awb-width-small:100%;--awb-margin-top-small:20px;--awb-spacing-right-small:1.92%;--awb-spacing-left-small:1.92%;\"><div class=\"fusion-column-wrapper fusion-flex-justify-content-flex-start fusion-content-layout-column\"><div class=\"fusion-text fusion-text-1\" style=\"--awb-content-alignment:justify;\"><p><b>Campa\u00f1a de Rejuvenecimiento Facial \u2013 Cr\u00e9dito de $500<\/b><\/p>\n<p><span style=\"font-weight: 400;\">La promoci\u00f3n de cr\u00e9dito de $500 ofrecida por Ideal Plastic Surgery es v\u00e1lida para pacientes que agenden una consulta durante el mes de abril de 2026 y se realicen una cirug\u00eda de rostro o cuello con el Dr. Boone.<\/span><\/p>\n<p><span style=\"font-weight: 400;\">Este cr\u00e9dito es aplicable exclusivamente a tratamientos con l\u00e1ser y ser\u00e1 otorgado una vez el paciente complete un procedimiento quir\u00fargico elegible de rostro o cuello. La blefaroplastia (cirug\u00eda de p\u00e1rpados) est\u00e1 excluida de esta promoci\u00f3n.<\/span><\/p>\n<p><span style=\"font-weight: 400;\">El cr\u00e9dito no es transferible, no tiene valor en efectivo y no puede ser canjeado por dinero ni aplicado a procedimientos previos o saldos pendientes. Debe ser utilizado \u00fanicamente por el mismo paciente que califica para la promoci\u00f3n.<\/span><\/p>\n<p><span style=\"font-weight: 400;\">Todos los procedimientos est\u00e1n sujetos a evaluaci\u00f3n y aprobaci\u00f3n m\u00e9dica. No todos los pacientes son candidatos para cirug\u00eda o tratamientos. Los resultados pueden variar.<\/span><\/p>\n<p><span style=\"font-weight: 400;\">Esta promoci\u00f3n no es acumulable con otras ofertas, descuentos o promociones, salvo que se indique lo contrario.<\/span><\/p>\n<p><span style=\"font-weight: 400;\">Ideal Plastic Surgery se reserva el derecho de modificar o cancelar esta promoci\u00f3n en cualquier momento sin previo aviso.<\/span><\/p>\n<p><span style=\"font-weight: 400;\">Pueden aplicar restricciones adicionales.<\/span><\/p>\n<\/div><\/div><\/div><\/div><\/div><\/p>\n","protected":false},"excerpt":{"rendered":"","protected":false},"author":2,"featured_media":0,"parent":0,"menu_order":0,"comment_status":"closed","ping_status":"closed","template":"100-width.php","meta":{"_acf_changed":false,"footnotes":""},"class_list":["post-31218","page","type-page","status-publish","hentry"],"acf":[],"aioseo_notices":[],"featured_image_src":null,"featured_image_src_square":null,"_links":{"self":[{"href":"https:\/\/www.idealplasticsurgery.com\/es\/wp-json\/wp\/v2\/pages\/31218","targetHints":{"allow":["GET"]}}],"collection":[{"href":"https:\/\/www.idealplasticsurgery.com\/es\/wp-json\/wp\/v2\/pages"}],"about":[{"href":"https:\/\/www.idealplasticsurgery.com\/es\/wp-json\/wp\/v2\/types\/page"}],"author":[{"embeddable":true,"href":"https:\/\/www.idealplasticsurgery.com\/es\/wp-json\/wp\/v2\/users\/2"}],"replies":[{"embeddable":true,"href":"https:\/\/www.idealplasticsurgery.com\/es\/wp-json\/wp\/v2\/comments?post=31218"}],"version-history":[{"count":0,"href":"https:\/\/www.idealplasticsurgery.com\/es\/wp-json\/wp\/v2\/pages\/31218\/revisions"}],"wp:attachment":[{"href":"https:\/\/www.idealplasticsurgery.com\/es\/wp-json\/wp\/v2\/media?parent=31218"}],"curies":[{"name":"wp","href":"https:\/\/api.w.org\/{rel}","templated":true}]}}