{"id":31056,"date":"2026-03-20T16:22:22","date_gmt":"2026-03-20T21:22:22","guid":{"rendered":"https:\/\/www.idealplasticsurgery.com\/terms-and-conditions-tax-season-specials\/"},"modified":"2026-04-09T13:02:41","modified_gmt":"2026-04-09T18:02:41","slug":"terminos-y-condiciones-season-specials","status":"publish","type":"page","link":"https:\/\/www.idealplasticsurgery.com\/es\/terminos-y-condiciones-season-specials\/","title":{"rendered":"T\u00e9rminos y Condiciones Tax Season Specials"},"content":{"rendered":"<p><div class=\"fusion-fullwidth fullwidth-box fusion-builder-row-1 fusion-flex-container nonhundred-percent-fullwidth non-hundred-percent-height-scrolling\" style=\"--awb-border-radius-top-left:0px;--awb-border-radius-top-right:0px;--awb-border-radius-bottom-right:0px;--awb-border-radius-bottom-left:0px;--awb-margin-top:54px;--awb-margin-bottom:42px;--awb-flex-wrap:wrap;\" ><div class=\"fusion-builder-row fusion-row fusion-flex-align-items-flex-start fusion-flex-content-wrap\" style=\"max-width:1248px;margin-left: calc(-4% \/ 2 );margin-right: calc(-4% \/ 2 );\"><div class=\"fusion-layout-column fusion_builder_column fusion-builder-column-0 fusion_builder_column_1_1 1_1 fusion-flex-column\" style=\"--awb-bg-blend:overlay;--awb-bg-size:cover;--awb-width-large:100%;--awb-margin-top-large:0px;--awb-spacing-right-large:1.92%;--awb-margin-bottom-large:0px;--awb-spacing-left-large:1.92%;--awb-width-medium:100%;--awb-spacing-right-medium:1.92%;--awb-spacing-left-medium:1.92%;--awb-width-small:100%;--awb-spacing-right-small:1.92%;--awb-spacing-left-small:1.92%;\"><div class=\"fusion-column-wrapper fusion-flex-justify-content-flex-start fusion-content-layout-column\"><div class=\"fusion-title title fusion-title-1 fusion-sep-none fusion-title-text fusion-title-size-one\" style=\"--awb-margin-top-small:10px;--awb-margin-right-small:0px;--awb-margin-bottom-small:10px;--awb-margin-left-small:0px;--awb-font-size:25px;\"><h1 class=\"fusion-title-heading title-heading-left\" style=\"margin:0;font-size:1em;\">T\u00e9rminos y Condiciones<\/h1><\/div><\/div><\/div><\/div><\/div><div class=\"fusion-fullwidth fullwidth-box fusion-builder-row-2 fusion-flex-container nonhundred-percent-fullwidth non-hundred-percent-height-scrolling\" style=\"--awb-border-radius-top-left:0px;--awb-border-radius-top-right:0px;--awb-border-radius-bottom-right:0px;--awb-border-radius-bottom-left:0px;--awb-margin-top-small:50px;--awb-flex-wrap:wrap;\" ><div class=\"fusion-builder-row fusion-row fusion-flex-align-items-flex-start fusion-flex-content-wrap\" style=\"max-width:1248px;margin-left: calc(-4% \/ 2 );margin-right: calc(-4% \/ 2 );\"><div class=\"fusion-layout-column fusion_builder_column fusion-builder-column-1 fusion_builder_column_1_1 1_1 fusion-flex-column\" style=\"--awb-bg-blend:overlay;--awb-bg-size:cover;--awb-width-large:100%;--awb-margin-top-large:0px;--awb-spacing-right-large:1.92%;--awb-margin-bottom-large:45px;--awb-spacing-left-large:1.92%;--awb-width-medium:100%;--awb-spacing-right-medium:1.92%;--awb-spacing-left-medium:1.92%;--awb-width-small:100%;--awb-margin-top-small:20px;--awb-spacing-right-small:1.92%;--awb-spacing-left-small:1.92%;\"><div class=\"fusion-column-wrapper fusion-flex-justify-content-flex-start fusion-content-layout-column\"><div class=\"fusion-text fusion-text-1\"><p><span style=\"font-weight: 400;\">La presente campa\u00f1a <\/span><b>Tax Season Specials<\/b><span style=\"font-weight: 400;\"> est\u00e1 dirigida a pacientes mayores de 18 a\u00f1os, y ofrece beneficios promocionales en procedimientos y tratamientos seleccionados durante el per\u00edodo establecido.<\/span><\/p>\n<p><b>VIGENCIA<\/b><\/p>\n<p><span style=\"font-weight: 400;\">V\u00e1lida desde el <\/span><b>23 de marzo de 2026 hasta el 4 de abril de 2026<\/b><\/p>\n<p>&nbsp;<\/p>\n<p><b>ESPECIALES DE LA CAMPA\u00d1A<\/b><\/p>\n<p><span style=\"font-weight: 400;\">Durante la vigencia de la campa\u00f1a, se ofrecer\u00e1n los siguientes beneficios:<\/span><\/p>\n<p><b>Miembros activos de Ideal Glow Club:<\/b><\/p>\n<p><span style=\"font-weight: 400;\"><strong>\u2022<\/strong>&nbsp;15% de descuento en Injectables<\/span><span style=\"font-weight: 400;\"><\/p>\n<p><\/span><\/p>\n<p><span style=\"font-weight: 400;\"><strong>\u2022<\/strong>&nbsp;15% de descuento en Your Ideal Surgery<\/span><span style=\"font-weight: 400;\"><\/p>\n<p><\/span><\/p>\n<p><span style=\"font-weight: 400;\"><strong>\u2022<\/strong>&nbsp;15% de descuento en Ideal Weight Loss<\/span><span style=\"font-weight: 400;\"><\/p>\n<p><\/span><\/p>\n<p><b>No miembros:<\/b><\/p>\n<p><span style=\"font-weight: 400;\"><strong>\u2022<\/strong>&nbsp;10% de descuento en procedimientos y tratamientos seleccionados dentro de la campa\u00f1a<\/span><span style=\"font-weight: 400;\"><\/p>\n<p><\/span><\/p>\n<p><span style=\"font-weight: 400;\">Los descuentos aplican \u00fanicamente a los servicios expresamente incluidos en la campa\u00f1a y anunciados a trav\u00e9s de los canales oficiales de Ideal.<\/span><\/p>\n<p>&nbsp;<\/p>\n<p><b>CONDICIONES DE LOS DESCUENTOS<\/b><\/p>\n<p><span style=\"font-weight: 400;\"><strong>\u2022<\/strong>&nbsp;Para procedimientos quir\u00fargicos, la cirug\u00eda deber\u00e1 realizarse antes del <\/span><b>31 de julio de 2026<\/b><span style=\"font-weight: 400;\"> o dentro de los <\/span><b>3 meses posteriores a la finalizaci\u00f3n de la campa\u00f1a<\/b><span style=\"font-weight: 400;\">, lo que ocurra primero.<\/span><span style=\"font-weight: 400;\"><\/p>\n<p><\/span><\/p>\n<p><span style=\"font-weight: 400;\"><strong>\u2022<\/strong>&nbsp;Los descuentos no son acumulables con otras promociones, ofertas, paquetes o programas vigentes.<\/span><span style=\"font-weight: 400;\"><\/p>\n<p><\/span><\/p>\n<p><span style=\"font-weight: 400;\"><strong>\u2022<\/strong>&nbsp;Los descuentos no son transferibles ni canjeables por dinero en efectivo.<\/span><span style=\"font-weight: 400;\"><\/p>\n<p><\/span><\/p>\n<p><span style=\"font-weight: 400;\"><strong>\u2022<\/strong>&nbsp;Los precios, disponibilidad y elegibilidad est\u00e1n sujetos a evaluaci\u00f3n m\u00e9dica previa y aprobaci\u00f3n profesional. No todas las personas son candidatas para los procedimientos.<\/span><span style=\"font-weight: 400;\"><\/p>\n<p><\/span><\/p>\n<p>&nbsp;<\/p>\n<p><b>INCENTIVOS IDEAL WEIGHT LOSS<\/b><\/p>\n<p><span style=\"font-weight: 400;\">Los siguientes beneficios aplican exclusivamente al programa <\/span><b>Ideal Weight Loss<\/b><span style=\"font-weight: 400;\">:<\/span><\/p>\n<p><span style=\"font-weight: 400;\"><strong>\u2022<\/strong>&nbsp;Prepago de 6 meses: 10% de descuento<\/span><span style=\"font-weight: 400;\"><\/p>\n<p><\/span><\/p>\n<p><span style=\"font-weight: 400;\"><strong>\u2022<\/strong>&nbsp;Prepago de 12 meses: 20% de descuento<\/span><span style=\"font-weight: 400;\"><\/p>\n<p><\/span><\/p>\n<p><span style=\"font-weight: 400;\"><strong>\u2022<\/strong>&nbsp;Programa de referidos: al referir a un nuevo paciente, ambos recibir\u00e1n un cr\u00e9dito de <\/span><b>$100<\/b><span style=\"font-weight: 400;\">, sujeto a que el paciente referido inicie tratamiento y cumpla con las condiciones del programa<\/span><span style=\"font-weight: 400;\"><\/p>\n<p><\/span><\/p>\n<p><span style=\"font-weight: 400;\">Estos incentivos no son canjeables por dinero en efectivo y est\u00e1n sujetos a t\u00e9rminos adicionales del programa.<\/span><\/p>\n<p>&nbsp;<\/p>\n<p><b>BENEFICIOS ADICIONALES (BONUS)<\/b><\/p>\n<p><span style=\"font-weight: 400;\">Durante la campa\u00f1a, los pacientes podr\u00e1n acceder a los siguientes beneficios adicionales, seg\u00fan el procedimiento realizado:<\/span><\/p>\n<p><b><strong>\u2022<\/strong>&nbsp;Cirug\u00edas faciales:<\/b><b><br \/><\/b><span style=\"font-weight: 400;\"> Cr\u00e9dito de <\/span><b>$500<\/b><span style=\"font-weight: 400;\"> aplicable a tratamientos l\u00e1ser en rostro, cuello o ambos<\/span><span style=\"font-weight: 400;\"><\/p>\n<p><\/span><\/p>\n<p><b><strong>\u2022<\/strong>&nbsp;Cirug\u00edas corporales:<\/b><b><br \/><\/b><span style=\"font-weight: 400;\"> Descuento de <\/span><b>$100<\/b><span style=\"font-weight: 400;\"> en prendas postquir\u00fargicas House Of Shape<\/span><span style=\"font-weight: 400;\"><\/p>\n<p><\/span><\/p>\n<p><b><strong>\u2022<\/strong>&nbsp;Ideal Weight Loss:<\/b><b><br \/><\/b><span style=\"font-weight: 400;\"> Cr\u00e9dito de <\/span><b>$100<\/b><span style=\"font-weight: 400;\"> aplicable a servicios del spa<\/span><span style=\"font-weight: 400;\"><\/p>\n<p><\/span><\/p>\n<p><span style=\"font-weight: 400;\">Los beneficios adicionales no son transferibles, no son canjeables por dinero en efectivo y pueden estar sujetos a condiciones espec\u00edficas de uso.<\/span><\/p>\n<p>&nbsp;<\/p>\n<p><b>FINANCIAMIENTO<\/b><\/p>\n<p><span style=\"font-weight: 400;\">En caso de optar por financiamiento, este estar\u00e1 sujeto a aprobaci\u00f3n crediticia por parte de la entidad financiera correspondiente y bajo sus propios t\u00e9rminos y condiciones. Ideal no garantiza aprobaci\u00f3n ni condiciones espec\u00edficas.<\/span><\/p>\n<p>&nbsp;<\/p>\n<p><b>CONDICIONES GENERALES<\/b><\/p>\n<p><span style=\"font-weight: 400;\"><strong>\u2022<\/strong>&nbsp;Todos los procedimientos m\u00e9dicos, quir\u00fargicos y no quir\u00fargicos est\u00e1n sujetos a evaluaci\u00f3n m\u00e9dica previa y determinaci\u00f3n de elegibilidad profesional.<\/span><span style=\"font-weight: 400;\"><\/p>\n<p><\/span><\/p>\n<p><span style=\"font-weight: 400;\"><strong>\u2022<\/strong>&nbsp;Los resultados pueden variar seg\u00fan cada paciente. No se garantizan resultados espec\u00edficos.<\/span><span style=\"font-weight: 400;\"><\/p>\n<p><\/span><\/p>\n<p><span style=\"font-weight: 400;\"><strong>\u2022<\/strong>&nbsp;La participaci\u00f3n en esta campa\u00f1a implica la aceptaci\u00f3n total de estos t\u00e9rminos y condiciones.<\/span><span style=\"font-weight: 400;\"><\/p>\n<p><\/span><\/p>\n<p><span style=\"font-weight: 400;\"><strong>\u2022<\/strong>&nbsp;Ideal no se hace responsable por fallas t\u00e9cnicas, errores de comunicaci\u00f3n o situaciones fuera de su control que puedan afectar el acceso a la promoci\u00f3n.<\/span><span style=\"font-weight: 400;\"><\/p>\n<p><\/span><\/p>\n<p><span style=\"font-weight: 400;\"><strong>\u2022<\/strong>&nbsp;Promoci\u00f3n nula donde est\u00e9 prohibida por ley.<\/span><span style=\"font-weight: 400;\"><\/p>\n<p><\/span><\/p>\n<p><span style=\"font-weight: 400;\"><strong>\u2022<\/strong>&nbsp;Ideal Plastic Surgery se reserva el derecho de modificar, suspender o finalizar esta campa\u00f1a en cualquier momento, conforme a la ley aplicable.<\/span><\/p>\n<\/div><\/div><\/div><\/div><\/div><\/p>\n","protected":false},"excerpt":{"rendered":"","protected":false},"author":1,"featured_media":0,"parent":0,"menu_order":0,"comment_status":"closed","ping_status":"closed","template":"100-width.php","meta":{"_acf_changed":false,"footnotes":""},"class_list":["post-31056","page","type-page","status-publish","hentry"],"acf":[],"aioseo_notices":[],"featured_image_src":null,"featured_image_src_square":null,"_links":{"self":[{"href":"https:\/\/www.idealplasticsurgery.com\/es\/wp-json\/wp\/v2\/pages\/31056","targetHints":{"allow":["GET"]}}],"collection":[{"href":"https:\/\/www.idealplasticsurgery.com\/es\/wp-json\/wp\/v2\/pages"}],"about":[{"href":"https:\/\/www.idealplasticsurgery.com\/es\/wp-json\/wp\/v2\/types\/page"}],"author":[{"embeddable":true,"href":"https:\/\/www.idealplasticsurgery.com\/es\/wp-json\/wp\/v2\/users\/1"}],"replies":[{"embeddable":true,"href":"https:\/\/www.idealplasticsurgery.com\/es\/wp-json\/wp\/v2\/comments?post=31056"}],"version-history":[{"count":0,"href":"https:\/\/www.idealplasticsurgery.com\/es\/wp-json\/wp\/v2\/pages\/31056\/revisions"}],"wp:attachment":[{"href":"https:\/\/www.idealplasticsurgery.com\/es\/wp-json\/wp\/v2\/media?parent=31056"}],"curies":[{"name":"wp","href":"https:\/\/api.w.org\/{rel}","templated":true}]}}